{"id":2,"date":"2020-01-05T00:03:17","date_gmt":"2020-01-05T00:03:17","guid":{"rendered":"https:\/\/csiim.fr\/?page_id=2"},"modified":"2020-01-07T19:42:14","modified_gmt":"2020-01-07T18:42:14","slug":"sample-page","status":"publish","type":"page","link":"https:\/\/csiim.fr\/index.php\/sample-page\/","title":{"rendered":"Mentions l\u00e9gales"},"content":{"rendered":"<h2 style=\"margin-bottom: 10px; padding: 0px; border: 0px #1b80c3; font-variant-numeric: inherit; font-variant-east-asian: inherit; font-weight: lighter; font-stretch: inherit; font-size: 25px; line-height: 1.4em; font-family: Lato, HelveticaNeue, 'Helvetica Neue', Helvetica, Arial, sans-serif; vertical-align: baseline; color: #1b80c3; text-transform: uppercase !important;\"><span style=\"color: #000000;\">LE SITE<\/span><\/h2>\n<p><span style=\"color: #000000;\">Le site csiim.fr fournit des informations sur la soci\u00e9t\u00e9 CSIIM ainsi que sur ses offres et produits.<\/span><\/p>\n<p><span style=\"color: #000000;\">Il est \u00e9dit\u00e9 par la soci\u00e9t\u00e9 CSIIM SIRET\u00a0<span style=\"font-family: 'Open Sans', HelveticaNeue, 'Helvetica Neue', Helvetica, Arial, sans-serif;\">530829167 RCS Nanterre<\/span><\/span><\/p>\n<p><span style=\"color: #000000;\">Le si\u00e8ge social est situ\u00e9 au 1 rue Victor Daix 92200 Neuilly sur Seine, FRANCE, et dont le num\u00e9ro est le 01 84 17 62 64<\/span><\/p>\n<p><span style=\"color: #000000;\">Le pr\u00e9sent site est h\u00e9berg\u00e9 par : CSIIM\u00a0<\/span><\/p>\n<h2 style=\"margin-top: 1.5em; margin-bottom: 10px; padding: 0px; border: 0px #1b80c3; font-variant-numeric: inherit; font-variant-east-asian: inherit; font-weight: lighter; font-stretch: inherit; font-size: 25px; line-height: 1.4em; font-family: Lato, HelveticaNeue, 'Helvetica Neue', Helvetica, Arial, sans-serif; vertical-align: baseline; color: #1b80c3; text-transform: uppercase !important;\"><span style=\"color: #000000;\">DROITS PROT\u00c9G\u00c9S<\/span><\/h2>\n<p><span style=\"color: #000000;\">Les \u00e9l\u00e9ments constituant le pr\u00e9sent Site, d\u00e9velopp\u00e9s par CSIIM, sont prot\u00e9g\u00e9s par la l\u00e9gislation applicable en mati\u00e8re de droit d\u2019auteur, de droit des marques, de droit des dessins et mod\u00e8les et de concurrence d\u00e9loyale.<\/span><\/p>\n<p><span style=\"color: #000000;\">Le Contenu comprend, notamment, l\u2019architecture, la charte graphique (incluant les couleurs, les polices de caract\u00e8re et l\u2019organisation graphique des \u00e9crans), ainsi que l\u2019ensemble des informations et \u00e9l\u00e9ments disponibles sur le site Internet, tels que notamment les textes, articles, photographies, illustrations, images, marques et logos, donn\u00e9es, bases de donn\u00e9es et tous \u00e9l\u00e9ments sonores (tels que voix, musiques ou bruitages) et visuels fixes ou anim\u00e9s (tels que animations graphiques ou s\u00e9quences audiovisuelles), les d\u00e9veloppements logiciels sp\u00e9cifiques, les programmes t\u00e9l\u00e9chargeables.<\/span><\/p>\n<p><span style=\"color: #000000;\">Le contenu est la propri\u00e9t\u00e9 de la soci\u00e9t\u00e9 CSIIM.<\/span><\/p>\n<p><span style=\"color: #000000;\">Toute reproduction, repr\u00e9sentation, diffusion et\/ou exploitation de tout ou partie du Contenu, par quelque moyen, sous quelque forme et \u00e0 quelque fin que ce soit, est interdite, sauf autorisation expresse pr\u00e9alable et \u00e9crite de la soci\u00e9t\u00e9 CSIIM.<\/span><\/p>\n<p><span style=\"color: #000000;\">En tout \u00e9tat de cause, et sous r\u00e9serve de ce qui pr\u00e9c\u00e8de, devront \u00eatre clairement indiqu\u00e9s la source (le pr\u00e9sent Site et la soci\u00e9t\u00e9\u00a0CSIIM), ainsi que, le cas \u00e9ch\u00e9ant, le nom de l\u2019auteur.<\/span><\/p>\n<p><span style=\"color: #000000;\">Toute personne ne respectant pas les dispositions l\u00e9gales applicables se rend coupable du d\u00e9lit de contrefa\u00e7on et est passible des sanctions p\u00e9nales pr\u00e9vues par la loi, nonobstant tout autre recours de la soci\u00e9t\u00e9\u00a0CSIIM.<\/span><\/p>\n<h2 style=\"margin-top: 1.5em; margin-bottom: 10px; padding: 0px; border: 0px #1b80c3; font-style: inherit; font-variant: inherit; font-weight: lighter; font-stretch: inherit; font-size: 25px; line-height: 1.4em; font-family: Lato, HelveticaNeue, 'Helvetica Neue', Helvetica, Arial, sans-serif; vertical-align: baseline; color: #1b80c3; text-transform: uppercase !important; letter-spacing: 0px !important;\"><span style=\"color: #000000;\">RESPONSABILIT\u00c9<\/span><\/h2>\n<p style=\"margin-top: 0.85em; margin-bottom: 0.85em; padding: 0px; border: 0px #1b80c3; font: inherit; vertical-align: baseline;\"><span style=\"color: #000000;\">CSIIM\u00a0exclu toute garantie quelle qu\u2019elle soit quant au contenu, et notamment toute garantie de qualit\u00e9, d\u2019ad\u00e9quation \u00e0 un usage particulier, de propri\u00e9t\u00e9 et d\u2019absence de contrefa\u00e7on. En outre,\u00a0CSIIM\u00a0exclu toute responsabilit\u00e9 quelle qu\u2019elle soit, s\u2019agissant des dommages directs ou indirects, accessoires ou incidents, pertes de donn\u00e9es ou de profit, r\u00e9sultant de, ou li\u00e9s \u00e0 l\u2019utilisation ou au fonctionnement du pr\u00e9sent Site et du contenu.<\/span><\/p>\n<p style=\"margin-top: 0.85em; margin-bottom: 0.85em; padding: 0px; border: 0px #1b80c3; font: inherit; vertical-align: baseline;\"><span style=\"color: #000000;\">Par ailleurs, le site est susceptible de contenir des inexactitudes ou des erreurs typographiques.<\/span><\/p>\n<p style=\"margin-top: 0.85em; margin-bottom: 0.85em; padding: 0px; border: 0px #1b80c3; font: inherit; vertical-align: baseline;\"><span style=\"color: #000000;\">Des changements et mises \u00e0 jour sont r\u00e9guli\u00e8rement effectu\u00e9s sur le pr\u00e9sent site.<\/span><\/p>\n<p style=\"margin-top: 0.85em; margin-bottom: 0.85em; padding: 0px; border: 0px #1b80c3; font: inherit; vertical-align: baseline;\"><span style=\"color: #000000;\">A cet \u00e9gard,\u00a0CSIIM\u00a0se r\u00e9serve le droit d\u2019apporter toute modification, rectification ou changement, \u00e0 tout moment.<\/span><\/p>\n<p style=\"margin-top: 0.85em; margin-bottom: 0.85em; padding: 0px; border: 0px #1b80c3; font: inherit; vertical-align: baseline;\"><span style=\"color: #000000;\">Les liens figurant sur le pr\u00e9sent Site vous font quitter le Site.<\/span><\/p>\n<p style=\"margin-top: 0.85em; margin-bottom: 0.85em; padding: 0px; border: 0px #1b80c3; font: inherit; vertical-align: baseline;\"><span style=\"color: #000000;\">Ces liens sont fournis pour votre seule commodit\u00e9, et n\u2019impliquent aucune approbation ou visa des dits sites par\u00a0CSIIM.<\/span><\/p>\n<p style=\"margin-top: 0.85em; margin-bottom: 0.85em; padding: 0px; border: 0px #1b80c3; font: inherit; vertical-align: baseline;\"><span style=\"color: #000000;\">Les sites cibles ne sont pas sous le contr\u00f4le de\u00a0CSIIM\u00a0et ces derni\u00e8res ne sont nullement responsables du contenu de ces sites, des liens qu\u2019ils contiennent, des produits ou services qu\u2019ils proposent, ou des changements ou mises \u00e0 jour qui leur sont apport\u00e9s.<\/span><\/p>\n<p style=\"margin-top: 0.85em; margin-bottom: 0.85em; padding: 0px; border: 0px #1b80c3; font: inherit; vertical-align: baseline;\"><span style=\"color: #000000;\">Les marques, noms de produits ou services, noms de domaine et les d\u00e9nominations de soci\u00e9t\u00e9s mentionn\u00e9s sur le pr\u00e9sent Site restent la propri\u00e9t\u00e9 de leurs titulaires respectifs.<\/span><\/p>\n<p style=\"margin-top: 0.85em; margin-bottom: 0.85em; padding: 0px; border: 0px #1b80c3; font: inherit; vertical-align: baseline;\"><span style=\"color: #000000;\">La mention de liens ou des marques, noms, services, noms de domaine et d\u00e9nomination d\u2019autres soci\u00e9t\u00e9s n\u2019implique aucunement l\u2019existence d\u2019une association quelconque entre\u00a0CSIIM\u00a0et ces soci\u00e9t\u00e9s, produits ou services, marques, noms ou d\u00e9nominations en cause.<\/span><\/p>\n<h2 style=\"margin-top: 1.5em; margin-bottom: 10px; padding: 0px; border: 0px #1b80c3; font-style: inherit; font-variant: inherit; font-weight: lighter; font-stretch: inherit; font-size: 25px; line-height: 1.4em; font-family: Lato, HelveticaNeue, 'Helvetica Neue', Helvetica, Arial, sans-serif; vertical-align: baseline; color: #1b80c3; text-transform: uppercase !important; letter-spacing: 0px !important;\"><span style=\"color: #000000;\">PROTECTION DE LA VIE PRIV\u00c9E<\/span><\/h2>\n<p style=\"margin-top: 0.85em; margin-bottom: 0.85em; padding: 0px; border: 0px #1b80c3; font: inherit; vertical-align: baseline;\"><span style=\"color: #000000;\">CSIIM\u00a0n\u2019exige \u00e0 aucun moment la communication par les utilisateurs de donn\u00e9es personnelles\u00a0autres que celles permettant aux internautes qui le souhaitent d\u2019obtenir certaines informations ou recevoir des documents.<\/span><\/p>\n<p style=\"margin-top: 0.85em; margin-bottom: 0.85em; padding: 0px; border: 0px #1b80c3; font: inherit; vertical-align: baseline;\"><span style=\"color: #000000;\">CSIIM\u00a0vous informe que les donn\u00e9es personnelles que vous pourriez lui communiquer en ligne sont destin\u00e9es au seul usage de la soci\u00e9t\u00e9\u00a0CSIIM\u00a0qui est responsable de leur traitement et leur conservation.\u00a0Elles ne sont conserv\u00e9es que trois mois \u00e0 compter de l\u2019inscription par l\u2019internaute.<\/span><\/p>\n<p style=\"margin-top: 0.85em; margin-bottom: 0.85em; padding: 0px; border: 0px #1b80c3; font: inherit; vertical-align: baseline;\"><span style=\"color: #000000;\">Ces donn\u00e9es ne seront pas communiqu\u00e9es \u00e0 des tiers \u00e0 l\u2019exclusion des tiers h\u00e9bergeant le Site ou intervenant dans son contenu ou sa gestion.<\/span><\/p>\n<p style=\"margin-top: 0.85em; margin-bottom: 0.85em; padding: 0px; border: 0px #1b80c3; font: inherit; vertical-align: baseline;\"><span style=\"color: #000000;\">Ces tiers sont tenus de respecter la confidentialit\u00e9 de ces donn\u00e9es et ne peuvent en aucun cas les utiliser dans un but autre\u00a0que la communication de ces informations ainsi que pour le fonctionnement ou la gestion du Site.\u00a0CSIIM\u00a0s\u2019engage \u00e0 prendre toutes les mesures raisonnables \u00e0 sa disposition pour pr\u00e9server la confidentialit\u00e9 de ces donn\u00e9es personnelles.<\/span><\/p>\n<p style=\"margin-top: 0.85em; margin-bottom: 0.85em; padding: 0px; border: 0px #1b80c3; font: inherit; vertical-align: baseline;\"><span style=\"color: #000000;\">Par ailleurs,\u00a0CSIIM\u00a0vous rappelle que, conform\u00e9ment \u00e0 la loi du 6 janvier 1978 relative \u00e0 l\u2019informatique, aux fichiers et aux libert\u00e9s telle que modifi\u00e9e, vous disposez d\u2019un droit d\u2019opposition, d\u2019acc\u00e8s et de rectification de ces donn\u00e9es personnelles. Vous pouvez exercer ce droit \u00e0 tout moment en adressant un courriel \u00e0\u00a0:\u00a0<a style=\"font: inherit; background-color: #ffffff; margin: 0px; padding: 0px; border: 0px #1b80c3; vertical-align: baseline; outline: 0px; max-width: 100%; color: #000000;\" title=\"mailto:contact@arescom.fr\" href=\"mailto:contact@arescom.fr\">site@csiim.fr<\/a><\/span><\/p>\n<p style=\"margin-top: 0.85em; margin-bottom: 0.85em; padding: 0px; border: 0px #1b80c3; font: inherit; vertical-align: baseline;\"><span style=\"color: #000000;\">La modification ou la suppression interviendra dans les meilleurs d\u00e9lais et au plus tard dans les huit jours ouvr\u00e9s \u00e0 compter de la r\u00e9ception de votre demande.<\/span><\/p>\n<h2 style=\"margin-top: 1.5em; margin-bottom: 10px; padding: 0px; border: 0px #1b80c3; font-style: inherit; font-variant: inherit; font-weight: lighter; font-stretch: inherit; font-size: 25px; line-height: 1.4em; font-family: Lato, HelveticaNeue, 'Helvetica Neue', Helvetica, Arial, sans-serif; vertical-align: baseline; color: #1b80c3; text-transform: uppercase !important; letter-spacing: 0px !important;\"><span style=\"color: #000000;\">LES COOKIES<\/span><\/h2>\n<p style=\"margin-top: 0.85em; margin-bottom: 0.85em; padding: 0px; border: 0px #1b80c3; font: inherit; vertical-align: baseline;\"><span style=\"color: #000000;\">CSIIM\u00a0attire votre attention sur le fait que certaines informations ne correspondant pas \u00e0 des donn\u00e9es personnelles et ne permettant pas de vous identifier peuvent \u00eatre enregistr\u00e9es par nos serveurs (navigateur utilis\u00e9, adresse IP,\u2026).<\/span><\/p>\n<p style=\"margin-top: 0.85em; margin-bottom: 0.85em; padding: 0px; border: 0px #1b80c3; font: inherit; vertical-align: baseline;\"><span style=\"color: #000000;\">De plus, la connexion \u00e0 notre serveur web peut entra\u00eener l\u2019envoi \u00e0 votre navigateur un petit nombre de donn\u00e9es qui seront stock\u00e9es sur le disque dur de votre ordinateur.<\/span><\/p>\n<p style=\"margin-top: 0.85em; margin-bottom: 0.85em; padding: 0px; border: 0px #1b80c3; font: inherit; vertical-align: baseline;\"><span style=\"color: #000000;\">Il s\u2019agit des cookies qui enregistrent des informations relatives \u00e0 la navigation de votre ordinateur sur notre Site (les pages que vous avez consult\u00e9es, la date et l\u2019heure de la consultation, etc.) que nous pourrons lire lors de vos visites ult\u00e9rieures.<\/span><\/p>\n<p style=\"margin-top: 0.85em; margin-bottom: 0.85em; padding: 0px; border: 0px #1b80c3; font: inherit; vertical-align: baseline;\"><span style=\"color: #000000;\">Votre navigateur contient une fonction permettant de refuser les cookies (modalit\u00e9s pr\u00e9cis\u00e9es sur le site Internet de la CNIL). Ceci n\u2019emp\u00eachera pas la connexion \u00e0 notre Site mais pourra retarder les d\u00e9lais de chargement des pages<\/span><\/p>\n","protected":false},"excerpt":{"rendered":"<p>LE SITE Le site csiim.fr fournit des informations sur la soci\u00e9t\u00e9 CSIIM ainsi que sur ses offres et produits. Il est \u00e9dit\u00e9 par la soci\u00e9t\u00e9 CSIIM SIRET\u00a0530829167 RCS Nanterre Le si\u00e8ge social est situ\u00e9 au 1 rue Victor Daix 92200 Neuilly sur Seine, FRANCE, et dont le num\u00e9ro est le 01 84 17 62 64 [&hellip;]<\/p>\n","protected":false},"author":1,"featured_media":0,"parent":0,"menu_order":0,"comment_status":"closed","ping_status":"open","template":"template\/template-about.php","meta":{"footnotes":""},"class_list":["post-2","page","type-page","status-publish","hentry"],"_links":{"self":[{"href":"https:\/\/csiim.fr\/index.php\/wp-json\/wp\/v2\/pages\/2"}],"collection":[{"href":"https:\/\/csiim.fr\/index.php\/wp-json\/wp\/v2\/pages"}],"about":[{"href":"https:\/\/csiim.fr\/index.php\/wp-json\/wp\/v2\/types\/page"}],"author":[{"embeddable":true,"href":"https:\/\/csiim.fr\/index.php\/wp-json\/wp\/v2\/users\/1"}],"replies":[{"embeddable":true,"href":"https:\/\/csiim.fr\/index.php\/wp-json\/wp\/v2\/comments?post=2"}],"version-history":[{"count":7,"href":"https:\/\/csiim.fr\/index.php\/wp-json\/wp\/v2\/pages\/2\/revisions"}],"predecessor-version":[{"id":332,"href":"https:\/\/csiim.fr\/index.php\/wp-json\/wp\/v2\/pages\/2\/revisions\/332"}],"wp:attachment":[{"href":"https:\/\/csiim.fr\/index.php\/wp-json\/wp\/v2\/media?parent=2"}],"curies":[{"name":"wp","href":"https:\/\/api.w.org\/{rel}","templated":true}]}}